{"id":3069,"date":"2024-11-05T17:48:26","date_gmt":"2024-11-05T16:48:26","guid":{"rendered":"https:\/\/proruralgalicia.org\/?page_id=3069"},"modified":"2025-05-13T14:22:07","modified_gmt":"2025-05-13T12:22:07","slug":"pilares","status":"publish","type":"page","link":"https:\/\/proruralgalicia.org\/gl\/pilares\/","title":{"rendered":"Pilares"},"content":{"rendered":"<div data-elementor-type=\"wp-page\" data-elementor-id=\"3069\" class=\"elementor elementor-3069\">\n\t\t\t\t<div class=\"elementor-element elementor-element-2963d9a e-flex e-con-boxed cmsmasters-bg-hide-none cmsmasters-bg-hide-none cmsmasters-block-default e-con e-parent\" data-id=\"2963d9a\" data-element_type=\"container\" data-settings=\"{&quot;background_background&quot;:&quot;classic&quot;}\">\n\t\t\t\t\t<div class=\"e-con-inner\">\n\t\t\t\t<div class=\"elementor-element elementor-element-84659a1 cmsmasters-line-clamp-yes cmsmasters-color-variation-default cmsmasters-pointer-none cmsmasters-block-default cmsmasters-sticky-default elementor-widget elementor-widget-cmsmasters-post-title cmsmasters-widget-title\" data-id=\"84659a1\" data-element_type=\"widget\" data-widget_type=\"cmsmasters-post-title.default\">\n\t\t\t\t<div class=\"elementor-widget-container\">\n\t\t\t\t\t<h1 class=\"entry-title cmsmasters-widget-title__heading\" title=\"Pilares\">Pilares<\/h1>\t\t\t\t<\/div>\n\t\t\t\t<\/div>\n\t\t\t\t<div class=\"elementor-element elementor-element-bb34982 cmsmasters-block-default cmsmasters-sticky-default elementor-widget elementor-widget-heading\" data-id=\"bb34982\" data-element_type=\"widget\" data-widget_type=\"heading.default\">\n\t\t\t\t<div class=\"elementor-widget-container\">\n\t\t\t\t\t<div class=\"elementor-heading-title elementor-size-default\"><b>prorural<\/b><span style=\"font-weight: light !important\">GALICIA<\/span><\/div>\t\t\t\t<\/div>\n\t\t\t\t<\/div>\n\t\t\t\t\t<\/div>\n\t\t\t\t<\/div>\n\t\t<div class=\"elementor-element elementor-element-725efc8 e-flex e-con-boxed cmsmasters-block-default e-con e-parent\" data-id=\"725efc8\" data-element_type=\"container\" id=\"emp\">\n\t\t\t\t\t<div class=\"e-con-inner\">\n\t\t\t\t<div class=\"elementor-element elementor-element-348ade2 cmsmasters-block-default cmsmasters-sticky-default elementor-widget elementor-widget-text-editor\" data-id=\"348ade2\" data-element_type=\"widget\" data-widget_type=\"text-editor.default\">\n\t\t\t\t<div class=\"elementor-widget-container\">\n\t\t\t\t\t\t\t\t\t<p><strong>prorural Galicia<\/strong> tiene dos l\u00edneas estrat\u00e9gicas de actuaci\u00f3n.<\/p>\t\t\t\t\t\t\t\t<\/div>\n\t\t\t\t<\/div>\n\t\t\t\t<div class=\"elementor-element elementor-element-5621815 elementor-widget__width-inherit cmsmasters-block-default cmsmasters-sticky-default elementor-widget elementor-widget-heading\" data-id=\"5621815\" data-element_type=\"widget\" data-widget_type=\"heading.default\">\n\t\t\t\t<div class=\"elementor-widget-container\">\n\t\t\t\t\t<h2 class=\"elementor-heading-title elementor-size-default\">1. Emprendimiento y Capacitaci\u00f3n.<\/h2>\t\t\t\t<\/div>\n\t\t\t\t<\/div>\n\t\t\t\t<div class=\"elementor-element elementor-element-d9472ae cmsmasters-block-default cmsmasters-sticky-default elementor-widget elementor-widget-text-editor\" data-id=\"d9472ae\" data-element_type=\"widget\" data-widget_type=\"text-editor.default\">\n\t\t\t\t<div class=\"elementor-widget-container\">\n\t\t\t\t\t\t\t\t\t<p>Promover el emprendimiento y la capacitaci\u00f3n a trav\u00e9s de la formaci\u00f3n y el asesoramiento continuos es la primera l\u00ednea estrat\u00e9gica de PRG.<\/p><p>Colaboramos activamente en la generaci\u00f3n de ecosistemas que favorezcan la creaci\u00f3n de nuevas iniciativas empresariales, fomentando la creaci\u00f3n de empleo y promoviendo la formaci\u00f3n e inserci\u00f3n laboral de personas que quieran desarrollarse en el medio rural.<\/p><p>Acciones PRG<\/p><ul><li><strong>Formaci\u00f3n y mentor\u00eda<\/strong>. Asesoramiento para emprendedores locales sobre financiaci\u00f3n, modelos de negocios rurales, rehabilitaci\u00f3n patrimonial, sostenibilidad, comunicaci\u00f3n y marketing, etc\u00e9tera.<\/li><li><strong>Red PRG de contacto<\/strong>. Creaci\u00f3n de un red de mentores y potenciales inversores para el asesoramiento de los emprendedores locales.<\/li><li><strong>Incentivos locales<\/strong>. Exploraci\u00f3n de incentivos fiscales con administraciones locales y auton\u00f3micas.<\/li><li><strong>Premios PRG<\/strong>. Ayudas vinculadas a los Premios PRG que promueven el emprendimiento en el medio rural.<\/li><\/ul>\t\t\t\t\t\t\t\t<\/div>\n\t\t\t\t<\/div>\n\t\t\t\t\t<\/div>\n\t\t\t\t<\/div>\n\t\t<div class=\"elementor-element elementor-element-e115071 e-flex e-con-boxed cmsmasters-block-default e-con e-parent\" data-id=\"e115071\" data-element_type=\"container\" id=\"pat\">\n\t\t\t\t\t<div class=\"e-con-inner\">\n\t\t\t\t<div class=\"elementor-element elementor-element-2613422 elementor-widget__width-inherit cmsmasters-block-default cmsmasters-sticky-default elementor-widget elementor-widget-heading\" data-id=\"2613422\" data-element_type=\"widget\" data-widget_type=\"heading.default\">\n\t\t\t\t<div class=\"elementor-widget-container\">\n\t\t\t\t\t<h2 class=\"elementor-heading-title elementor-size-default\">2. Rehabilitaci\u00f3n del Patrimonio Hist\u00f3rico.<\/h2>\t\t\t\t<\/div>\n\t\t\t\t<\/div>\n\t\t\t\t<div class=\"elementor-element elementor-element-5c9b255 cmsmasters-block-default cmsmasters-sticky-default elementor-widget elementor-widget-text-editor\" data-id=\"5c9b255\" data-element_type=\"widget\" data-widget_type=\"text-editor.default\">\n\t\t\t\t<div class=\"elementor-widget-container\">\n\t\t\t\t\t\t\t\t\t<p>Galicia cuenta con un gran patrimonio hist\u00f3rico rural. Su recuperaci\u00f3n, transformaci\u00f3n y conservaci\u00f3n permitir\u00e1 dedicarlo al emprendimiento y la capacitaci\u00f3n, al fomento de los espacios de <em>coliving<\/em> y los talleres de oficios. Facilitar\u00e1 la atracci\u00f3n de n\u00f3madas digitales y el desarrollo de iniciativas innovadoras desde y para el rural.<\/p><p>Acciones PRG<\/p><ul><li><strong>Restauraci\u00f3n y adecuaci\u00f3n<\/strong>. Dise\u00f1o de planes de rehabilitaci\u00f3n patrimonial que respeten el valor hist\u00f3rico de lugares de inter\u00e9s.<br \/>Colaboraci\u00f3n estable de t\u00e9cnicos y profesionales de la arquitectura con experiencia en las actuaciones en el medio rural que aporten ideas y se desenvuelvan con las Administraciones a efectos de gesti\u00f3n y solicitudes de proyectos.<\/li><li><strong>Coliving y coworking<\/strong>. Transformaci\u00f3n de espacios industriales en espacios dotados de todos los servicios para la pr\u00e1ctica profesional. <br \/>Una de las primeras actuaciones se producir\u00e1 sobre las ferrer\u00edas, dispersas por el territorio gallego. Industrias del fuego hoy, la mayor\u00eda, abandonadas que hist\u00f3ricamente marcaron el desarrollo de la localidad en la que se asentaban. <br \/>PRG considera que estos edificios merecen ser conservados y liderar nuevos puntos de desarrollo rural.<\/li><li><strong>Ecosistema de innovaci\u00f3n<\/strong>. Creaci\u00f3n de programas de residencia para startups o proyectos que quieran innovar en \u00e1reas como tecnolog\u00eda agr\u00edcola, energ\u00edas renovables o soluciones digitales para el medio rural.<\/li><li><strong>Turismo y producci\u00f3n local<\/strong>. Mantenimiento de espacios arquitect\u00f3nicos y de patrimonio industrial como espacios productivos enfocados en la creaci\u00f3n artesanal y la producci\u00f3n local.<\/li><li><strong>Acuerdos y convenios<\/strong>. PRG firmar\u00e1 acuerdos p\u00fablico-privados, que permitir\u00e1n la financiaci\u00f3n de la restauraci\u00f3n y adecuaci\u00f3n de edificios hist\u00f3ricos; y, convenios con centros de formaci\u00f3n y fundaciones, que permitan homologar titulaciones y dotar de contenidos a los centros impartidos por maestros expertos en oficios.<\/li><\/ul>\t\t\t\t\t\t\t\t<\/div>\n\t\t\t\t<\/div>\n\t\t\t\t\t<\/div>\n\t\t\t\t<\/div>\n\t\t\t\t<\/div>","protected":false},"excerpt":{"rendered":"<p>proruralGALICIA prorural Galicia tiene dos l\u00edneas estrat\u00e9gicas de actuaci\u00f3n. 1. Emprendimiento y Capacitaci\u00f3n. Promover el emprendimiento y la capacitaci\u00f3n a trav\u00e9s de la formaci\u00f3n y el asesoramiento continuos es la primera l\u00ednea estrat\u00e9gica de PRG. Colaboramos activamente en la generaci\u00f3n de ecosistemas que favorezcan la creaci\u00f3n de nuevas iniciativas empresariales, fomentando la creaci\u00f3n de empleo&#8230;<\/p>","protected":false},"author":1,"featured_media":0,"parent":0,"menu_order":0,"comment_status":"closed","ping_status":"closed","template":"","meta":{"_acf_changed":false,"inline_featured_image":false,"footnotes":""},"class_list":["post-3069","page","type-page","status-publish","hentry"],"acf":[],"_links":{"self":[{"href":"https:\/\/proruralgalicia.org\/gl\/wp-json\/wp\/v2\/pages\/3069","targetHints":{"allow":["GET"]}}],"collection":[{"href":"https:\/\/proruralgalicia.org\/gl\/wp-json\/wp\/v2\/pages"}],"about":[{"href":"https:\/\/proruralgalicia.org\/gl\/wp-json\/wp\/v2\/types\/page"}],"author":[{"embeddable":true,"href":"https:\/\/proruralgalicia.org\/gl\/wp-json\/wp\/v2\/users\/1"}],"replies":[{"embeddable":true,"href":"https:\/\/proruralgalicia.org\/gl\/wp-json\/wp\/v2\/comments?post=3069"}],"version-history":[{"count":13,"href":"https:\/\/proruralgalicia.org\/gl\/wp-json\/wp\/v2\/pages\/3069\/revisions"}],"predecessor-version":[{"id":3393,"href":"https:\/\/proruralgalicia.org\/gl\/wp-json\/wp\/v2\/pages\/3069\/revisions\/3393"}],"wp:attachment":[{"href":"https:\/\/proruralgalicia.org\/gl\/wp-json\/wp\/v2\/media?parent=3069"}],"curies":[{"name":"wp","href":"https:\/\/api.w.org\/{rel}","templated":true}]}}